{"id":13573,"date":"2021-09-21T16:51:28","date_gmt":"2021-09-21T14:51:28","guid":{"rendered":"https:\/\/heroicpeople.fr?page_id=13573"},"modified":"2022-05-03T19:33:25","modified_gmt":"2022-05-03T17:33:25","slug":"marc","status":"publish","type":"page","link":"https:\/\/heroicpeople.fr\/index.php\/marc\/","title":{"rendered":"MARC"},"content":{"rendered":"<p>[et_pb_section fb_built=\u00a0\u00bb1&Prime; _builder_version=\u00a0\u00bb4.9.0&Prime; _module_preset=\u00a0\u00bbdefault\u00a0\u00bb custom_padding=\u00a0\u00bb2px||12px|||\u00a0\u00bb collapsed=\u00a0\u00bboff\u00a0\u00bb][et_pb_row column_structure=\u00a0\u00bb3_4,1_4&Prime; _builder_version=\u00a0\u00bb4.9.0&Prime; _module_preset=\u00a0\u00bbdefault\u00a0\u00bb width=\u00a0\u00bb82%\u00a0\u00bb max_width=\u00a0\u00bb2560px\u00a0\u00bb][et_pb_column type=\u00a0\u00bb3_4&Prime; _builder_version=\u00a0\u00bb4.9.2&Prime; _module_preset=\u00a0\u00bbdefault\u00a0\u00bb][et_pb_text _builder_version=\u00a0\u00bb4.9.0&Prime; _module_preset=\u00a0\u00bbdefault\u00a0\u00bb text_font=\u00a0\u00bbMontserrat||||||||\u00a0\u00bb text_font_size=\u00a0\u00bb52px\u00a0\u00bb header_font=\u00a0\u00bbCervoNeue-LightNeue||||||||\u00a0\u00bb header_font_size=\u00a0\u00bb52px\u00a0\u00bb header_2_font_size=\u00a0\u00bb52px\u00a0\u00bb inline_fonts=\u00a0\u00bbCervoNeue-LightNeue\u00a0\u00bb]<\/p>\n<h1 style=\"text-align: center;\"><span style=\"font-family: CervoNeue-LightNeue;\">MARC BAILLET<\/span><\/h1>\n<p>[\/et_pb_text][et_pb_divider color=\u00a0\u00bb#be1622&Prime; divider_weight=\u00a0\u00bb3px\u00a0\u00bb _builder_version=\u00a0\u00bb4.9.2&Prime; _module_preset=\u00a0\u00bbdefault\u00a0\u00bb width=\u00a0\u00bb2%\u00a0\u00bb module_alignment=\u00a0\u00bbcenter\u00a0\u00bb][\/et_pb_divider][et_pb_text _builder_version=\u00a0\u00bb4.9.0&Prime; _module_preset=\u00a0\u00bbdefault\u00a0\u00bb text_font=\u00a0\u00bbGeorgia||||||||\u00a0\u00bb link_text_color=\u00a0\u00bb#be1622&Prime; hover_enabled=\u00a0\u00bb0&Prime; sticky_enabled=\u00a0\u00bb0&Prime;]<\/p>\n<h3 style=\"text-align: left;\">A propos de Marc Baillet<\/h3>\n<p>&nbsp;<\/p>\n<p>Marc Baillet est un entrepreneur r\u00e9cidiviste et Coach d\u2019entrepreneurs et dirigeants de soci\u00e9t\u00e9s innovantes. Il est l\u2019auteur du livre <a href=\"https:\/\/www.amazon.fr\/Entrepreneur-vie-cowboy-veut-aimer\/dp\/1326466321\/ref=sr_1_1?__mk_fr_FR=%C5M%C5%8E%D5%D1&amp;keywords=Marc+Baillet&amp;qid=1636703732&amp;qsid=260-3288602-1142800&amp;sr=8-1&amp;sres=1326466321%2C0244965412%2C0244980241%2C8816574453%2C2215139188%2C23536605\"><em>Le cowboy qui veut aimer | L\u2019art de se gouverner et de donner du sens \u00e0 sa vie <\/em><\/a><em>.<\/em><\/p>\n<p>Il est \u00e9galement un \u00ab\u00a0entrepreneur de l\u2019audio\u00a0\u00bb avec <a href=\"https:\/\/heroicpeople.fr\">l\u2019\u00e9mission de podcast Heroic People<\/a> dans laquelle il interview des personnalit\u00e9s inspirantes qui viennent partager leur parcours de vie et des conseils concrets en mati\u00e8re de sant\u00e9 int\u00e9grale et connaissance de soi.<\/p>\n<p>Marc Baillet a v\u00e9cu aux Etats Unis et dans plusieurs pays d\u2019Afrique. Il est form\u00e9 aux Etats Unis (Boston) et en France \u00e0 la finance et au marketing ainsi qu\u2019 \u00e0 la psychologie et la programmation neurolinguistique. Il a d\u00e9marr\u00e9 son parcours professionnel dans l\u2019univers du conseil et aux c\u00f4t\u00e9s de dirigeants de grands groupes.<\/p>\n<p>Sa citation pr\u00e9f\u00e9r\u00e9e : \u00ab Tout seul on va plus vite, ensemble on va plus loin \u00bb (proverbe africain).<\/p>\n<p>[\/et_pb_text][et_pb_image src=\u00a0\u00bbhttps:\/\/heroicpeople.fr\/wp-content\/uploads\/2022\/05\/bloggif_627165f7ba3c7.jpg\u00a0\u00bb alt=\u00a0\u00bbMarc Baillet Heroic People Podcast \u00a0\u00bb title_text=\u00a0\u00bbMarc Baillet Heroic People Podcast \u00a0\u00bb _builder_version=\u00a0\u00bb4.9.0&Prime; _module_preset=\u00a0\u00bbdefault\u00a0\u00bb hover_enabled=\u00a0\u00bb0&Prime; sticky_enabled=\u00a0\u00bb0&Prime;][\/et_pb_image][\/et_pb_column][et_pb_column type=\u00a0\u00bb1_4&Prime; _builder_version=\u00a0\u00bb4.9.2&Prime; _module_preset=\u00a0\u00bbdefault\u00a0\u00bb][et_pb_sidebar _builder_version=\u00a0\u00bb4.9.0&Prime; _module_preset=\u00a0\u00bbdefault\u00a0\u00bb][\/et_pb_sidebar][\/et_pb_column][\/et_pb_row][\/et_pb_section]<\/p>\n","protected":false},"excerpt":{"rendered":"<p>MARC BAILLETA propos de Marc Baillet &nbsp; Marc Baillet est un entrepreneur r\u00e9cidiviste et Coach d\u2019entrepreneurs et dirigeants de soci\u00e9t\u00e9s innovantes. Il est l\u2019auteur du livre Le cowboy qui veut aimer | L\u2019art de se gouverner et de donner du sens \u00e0 sa vie . Il est \u00e9galement un \u00ab\u00a0entrepreneur de l\u2019audio\u00a0\u00bb avec l\u2019\u00e9mission de [&hellip;]<\/p>\n","protected":false},"author":1,"featured_media":13337,"parent":0,"menu_order":0,"comment_status":"closed","ping_status":"closed","template":"","meta":{"_et_pb_use_builder":"on","_et_pb_old_content":"","_et_gb_content_width":"","footnotes":""},"class_list":["post-13573","page","type-page","status-publish","has-post-thumbnail","hentry"],"_links":{"self":[{"href":"https:\/\/heroicpeople.fr\/index.php\/wp-json\/wp\/v2\/pages\/13573","targetHints":{"allow":["GET"]}}],"collection":[{"href":"https:\/\/heroicpeople.fr\/index.php\/wp-json\/wp\/v2\/pages"}],"about":[{"href":"https:\/\/heroicpeople.fr\/index.php\/wp-json\/wp\/v2\/types\/page"}],"author":[{"embeddable":true,"href":"https:\/\/heroicpeople.fr\/index.php\/wp-json\/wp\/v2\/users\/1"}],"replies":[{"embeddable":true,"href":"https:\/\/heroicpeople.fr\/index.php\/wp-json\/wp\/v2\/comments?post=13573"}],"version-history":[{"count":2,"href":"https:\/\/heroicpeople.fr\/index.php\/wp-json\/wp\/v2\/pages\/13573\/revisions"}],"predecessor-version":[{"id":239480,"href":"https:\/\/heroicpeople.fr\/index.php\/wp-json\/wp\/v2\/pages\/13573\/revisions\/239480"}],"wp:featuredmedia":[{"embeddable":true,"href":"https:\/\/heroicpeople.fr\/index.php\/wp-json\/wp\/v2\/media\/13337"}],"wp:attachment":[{"href":"https:\/\/heroicpeople.fr\/index.php\/wp-json\/wp\/v2\/media?parent=13573"}],"curies":[{"name":"wp","href":"https:\/\/api.w.org\/{rel}","templated":true}]}}