{"id":13566,"date":"2021-09-21T16:49:43","date_gmt":"2021-09-21T14:49:43","guid":{"rendered":"https:\/\/heroicpeople.fr?page_id=13566"},"modified":"2026-01-23T10:51:33","modified_gmt":"2026-01-23T09:51:33","slug":"contact","status":"publish","type":"page","link":"https:\/\/heroicpeople.fr\/index.php\/contact\/","title":{"rendered":"CONTACT"},"content":{"rendered":"<p>[et_pb_section fb_built=\u00a0\u00bb1&Prime; _builder_version=\u00a0\u00bb4.9.0&Prime; _module_preset=\u00a0\u00bbdefault\u00a0\u00bb custom_padding=\u00a0\u00bb4px||12px|||\u00a0\u00bb collapsed=\u00a0\u00bboff\u00a0\u00bb][et_pb_row column_structure=\u00a0\u00bb3_4,1_4&Prime; _builder_version=\u00a0\u00bb4.9.0&Prime; _module_preset=\u00a0\u00bbdefault\u00a0\u00bb width=\u00a0\u00bb82%\u00a0\u00bb max_width=\u00a0\u00bb2560px\u00a0\u00bb][et_pb_column type=\u00a0\u00bb3_4&Prime; _builder_version=\u00a0\u00bb4.9.2&Prime; _module_preset=\u00a0\u00bbdefault\u00a0\u00bb][et_pb_text _builder_version=\u00a0\u00bb4.9.0&Prime; _module_preset=\u00a0\u00bbdefault\u00a0\u00bb text_font=\u00a0\u00bbMontserrat||||||||\u00a0\u00bb text_font_size=\u00a0\u00bb52px\u00a0\u00bb header_font=\u00a0\u00bbCervoNeue-LightNeue||||||||\u00a0\u00bb header_font_size=\u00a0\u00bb52px\u00a0\u00bb header_2_font_size=\u00a0\u00bb52px\u00a0\u00bb inline_fonts=\u00a0\u00bbCervoNeue-LightNeue\u00a0\u00bb]<\/p>\n<h1 style=\"text-align: center;\"><span style=\"font-family: CervoNeue-LightNeue;\">CONTACT<\/span><\/h1>\n<p>[\/et_pb_text][et_pb_divider color=\u00a0\u00bb#be1622&Prime; divider_weight=\u00a0\u00bb3px\u00a0\u00bb _builder_version=\u00a0\u00bb4.9.2&Prime; _module_preset=\u00a0\u00bbdefault\u00a0\u00bb width=\u00a0\u00bb2%\u00a0\u00bb module_alignment=\u00a0\u00bbcenter\u00a0\u00bb][\/et_pb_divider][et_pb_text _builder_version=\u00a0\u00bb4.9.0&Prime; _module_preset=\u00a0\u00bbdefault\u00a0\u00bb text_font=\u00a0\u00bbGeorgia||||||||\u00a0\u00bb link_font=\u00a0\u00bbGeorgia||||||||\u00a0\u00bb link_text_color=\u00a0\u00bb#be1622&Prime; hover_enabled=\u00a0\u00bb0&Prime; sticky_enabled=\u00a0\u00bb0&Prime;]<\/p>\n<h2>M\u00e9dia &amp; Sponsoring &#8211; Contact<\/h2>\n<ul>\n<li><strong>Pour toute demande li\u00e9e au sponsoring de l&rsquo;\u00e9mission, <span style=\"color: #be1622;\"><a style=\"color: #be1622;\" href=\"https:\/\/heroicpeople.fr\/index.php\/sponsoring-publicite\/\" target=\"_blank\" rel=\"noopener\">c\u2019est ici- <\/a><a style=\"color: #be1622;\" href=\"https:\/\/heroicpeople.fr\/index.php\/sponsoring-publicite\/\" target=\"_blank\" rel=\"noopener\">sponsoring &amp; publicit\u00e9<\/a><\/span><\/strong><\/li>\n<li><strong>Pour toute autre demande, envoyez un message \u00e0 <span style=\"color: #be1622;\"><a style=\"color: #be1622;\" href=\"mailto:wendy@heroicpeople.fr\" target=\"_blank\" rel=\"noopener\">wendy@heroicpeople.fr<\/a><\/span><\/strong>\n<ul>\n<li>Press kit<\/li>\n<li>Demander Marc Baillet comme intervenant dans vos conf\u00e9rences<\/li>\n<li>Demander Marc Baillet comme animateur de vos conf\u00e9rences &amp; \u00e9v\u00e8nements \u00e0 forte valeur ajout\u00e9e<\/li>\n<li>Interviews &amp; Podcasts B2B \/ votre marque<\/li>\n<\/ul>\n<\/li>\n<\/ul>\n<h2>\u00a0<\/h2>\n<h2>A propos du podcast Heroic People<\/h2>\n<p><span style=\"color: #be1622;\"><a style=\"color: #be1622;\" href=\"https:\/\/heroicpeople.fr\/index.php\/podcast-3\/\" target=\"_blank\" rel=\"noopener\">Le podcast Heroic People<\/a><\/span>, anim\u00e9 par <span style=\"color: #be1622;\"><a style=\"color: #be1622;\" href=\"https:\/\/heroicpeople.fr\/index.php\/marc\/\">Marc Baillet<\/a><\/span>, explore et partage les histoires, conseils concrets, et principes de vie d\u2019\u00eatres humains inspirants (entrepreneurs, artistes, sportifs, leaders spirituels, th\u00e9rapeutes) pour vous permettre de d\u00e9couvrir quelles sont les cl\u00e9s du d\u00e9veloppement du potentiel et de la force d\u2019\u00e2me\u00a0! Nous apprenons les uns des autres et trouvons en soi le h\u00e9ros de notre propre vie. Pour \u00e9couter<span style=\"color: #be1622;\"> <a style=\"color: #be1622;\" href=\"https:\/\/heroicpeople.fr\/index.php\/podcast-3\/\" target=\"_blank\" rel=\"noopener\">les \u00e9pisodes pass\u00e9s, c\u2019est ici<\/a>.<\/span><\/p>\n<p>[\/et_pb_text][\/et_pb_column][et_pb_column type=\u00a0\u00bb1_4&Prime; _builder_version=\u00a0\u00bb4.9.2&Prime; _module_preset=\u00a0\u00bbdefault\u00a0\u00bb][et_pb_sidebar _builder_version=\u00a0\u00bb4.9.0&Prime; _module_preset=\u00a0\u00bbdefault\u00a0\u00bb][\/et_pb_sidebar][\/et_pb_column][\/et_pb_row][\/et_pb_section]<\/p>\n","protected":false},"excerpt":{"rendered":"<p>CONTACTM\u00e9dia &amp; Sponsoring &#8211; Contact Pour toute demande li\u00e9e au sponsoring de l&rsquo;\u00e9mission, c\u2019est ici- sponsoring &amp; publicit\u00e9 Pour toute autre demande, envoyez un message \u00e0 wendy@heroicpeople.fr Press kit Demander Marc Baillet comme intervenant dans vos conf\u00e9rences Demander Marc Baillet comme animateur de vos conf\u00e9rences &amp; \u00e9v\u00e8nements \u00e0 forte valeur ajout\u00e9e Interviews &amp; Podcasts B2B [&hellip;]<\/p>\n","protected":false},"author":1,"featured_media":12744,"parent":0,"menu_order":0,"comment_status":"closed","ping_status":"closed","template":"","meta":{"_et_pb_use_builder":"on","_et_pb_old_content":"","_et_gb_content_width":"","footnotes":""},"class_list":["post-13566","page","type-page","status-publish","has-post-thumbnail","hentry"],"_links":{"self":[{"href":"https:\/\/heroicpeople.fr\/index.php\/wp-json\/wp\/v2\/pages\/13566","targetHints":{"allow":["GET"]}}],"collection":[{"href":"https:\/\/heroicpeople.fr\/index.php\/wp-json\/wp\/v2\/pages"}],"about":[{"href":"https:\/\/heroicpeople.fr\/index.php\/wp-json\/wp\/v2\/types\/page"}],"author":[{"embeddable":true,"href":"https:\/\/heroicpeople.fr\/index.php\/wp-json\/wp\/v2\/users\/1"}],"replies":[{"embeddable":true,"href":"https:\/\/heroicpeople.fr\/index.php\/wp-json\/wp\/v2\/comments?post=13566"}],"version-history":[{"count":3,"href":"https:\/\/heroicpeople.fr\/index.php\/wp-json\/wp\/v2\/pages\/13566\/revisions"}],"predecessor-version":[{"id":241703,"href":"https:\/\/heroicpeople.fr\/index.php\/wp-json\/wp\/v2\/pages\/13566\/revisions\/241703"}],"wp:featuredmedia":[{"embeddable":true,"href":"https:\/\/heroicpeople.fr\/index.php\/wp-json\/wp\/v2\/media\/12744"}],"wp:attachment":[{"href":"https:\/\/heroicpeople.fr\/index.php\/wp-json\/wp\/v2\/media?parent=13566"}],"curies":[{"name":"wp","href":"https:\/\/api.w.org\/{rel}","templated":true}]}}