{"id":12855,"date":"2021-09-16T16:46:37","date_gmt":"2021-09-16T14:46:37","guid":{"rendered":"https:\/\/heroicpeople.fr?page_id=12855"},"modified":"2026-01-23T10:23:48","modified_gmt":"2026-01-23T09:23:48","slug":"sponsoring-publicite","status":"publish","type":"page","link":"https:\/\/heroicpeople.fr\/index.php\/sponsoring-publicite\/","title":{"rendered":"SPONSORING &#038; PUBLICITE"},"content":{"rendered":"<p>[et_pb_section fb_built=\u00a0\u00bb1&Prime; _builder_version=\u00a0\u00bb4.9.0&Prime; _module_preset=\u00a0\u00bbdefault\u00a0\u00bb custom_padding=\u00a0\u00bb6px||12px|||\u00a0\u00bb collapsed=\u00a0\u00bboff\u00a0\u00bb][et_pb_row column_structure=\u00a0\u00bb3_4,1_4&Prime; _builder_version=\u00a0\u00bb4.9.0&Prime; _module_preset=\u00a0\u00bbdefault\u00a0\u00bb width=\u00a0\u00bb82%\u00a0\u00bb max_width=\u00a0\u00bb2560px\u00a0\u00bb][et_pb_column type=\u00a0\u00bb3_4&Prime; _builder_version=\u00a0\u00bb4.9.2&Prime; _module_preset=\u00a0\u00bbdefault\u00a0\u00bb][et_pb_text _builder_version=\u00a0\u00bb4.9.0&Prime; _module_preset=\u00a0\u00bbdefault\u00a0\u00bb text_font=\u00a0\u00bbMontserrat||||||||\u00a0\u00bb text_font_size=\u00a0\u00bb52px\u00a0\u00bb header_font=\u00a0\u00bbCervoNeue-LightNeue||||||||\u00a0\u00bb header_font_size=\u00a0\u00bb52px\u00a0\u00bb header_2_font_size=\u00a0\u00bb52px\u00a0\u00bb inline_fonts=\u00a0\u00bbCervoNeue-LightNeue\u00a0\u00bb]<\/p>\n<h1 style=\"text-align: center;\"><span style=\"font-family: CervoNeue-LightNeue;\">SPONSORING &amp; PUBLICIT\u00c9<\/span><\/h1>\n<p>[\/et_pb_text][et_pb_divider color=\u00a0\u00bb#be1622&Prime; divider_weight=\u00a0\u00bb3px\u00a0\u00bb _builder_version=\u00a0\u00bb4.9.2&Prime; _module_preset=\u00a0\u00bbdefault\u00a0\u00bb width=\u00a0\u00bb2%\u00a0\u00bb module_alignment=\u00a0\u00bbcenter\u00a0\u00bb][\/et_pb_divider][et_pb_text _builder_version=\u00a0\u00bb4.9.0&Prime; _module_preset=\u00a0\u00bbdefault\u00a0\u00bb text_font=\u00a0\u00bbGeorgia||||||||\u00a0\u00bb text_text_color=\u00a0\u00bb#000000&Prime; link_font=\u00a0\u00bbGeorgia||||||||\u00a0\u00bb link_text_color=\u00a0\u00bb#be1622&Prime; ul_font=\u00a0\u00bbGeorgia||||||||\u00a0\u00bb ol_font=\u00a0\u00bbGeorgia||||||||\u00a0\u00bb hover_enabled=\u00a0\u00bb0&Prime; header_font_last_edited=\u00a0\u00bbon|desktop\u00a0\u00bb sticky_enabled=\u00a0\u00bb0&Prime;]<\/p>\n<h2>Sponsoriser le podcast &#8211; Contact<\/h2>\n<p>&nbsp;<\/p>\n<p><span style=\"color: #be1622;\"><a style=\"color: #be1622;\" href=\"https:\/\/heroicpeople.fr\/index.php\/podcast-3\/\" target=\"_blank\" rel=\"noopener\">L&rsquo;\u00e9mission Heroic People<\/a><\/span>, anim\u00e9e par <span style=\"color: #be1622;\"><a style=\"color: #be1622;\" href=\"https:\/\/heroicpeople.fr\/index.php\/marc\/\">Marc Baillet<\/a><\/span>, est un podcast d&rsquo;interviews \u00e0 format long (&gt; 30 mn) disponible sur toutes les grandes plateformes d&rsquo;\u00e9coute de podcasts (Apple Podcast, Spotify, Google Podcast, Deezer, Radioline, et <span style=\"color: #be1622;\"><a style=\"color: #be1622;\" href=\"https:\/\/heroicpeople.fr\/index.php\/podcast-3\/\" target=\"_blank\" rel=\"noopener\">bien d&rsquo;autres<\/a><\/span>).<\/p>\n<p>L&rsquo;audience, 60% de femmes et 40% d&rsquo;hommes, est \u00e9duqu\u00e9e, urbaine, en phase avec les nouveaux usages digitaux, et orient\u00e9e \u00ab\u00a0progression personnelle\u00a0\u00bb et \u00a0\u00bb progression collective\u00a0\u00bb. Selon nos sondages, autour de 35% des auditeurs per\u00e7oivent une r\u00e9mun\u00e9ration sup\u00e9rieure \u00e0 80.000 \u20ac par an.<\/p>\n<p>Quels b\u00e9n\u00e9fices et retomb\u00e9es avec le sponsoring de l&rsquo;\u00e9mission podcast Heroic People ? Marc Baillet est reconnu comme un excellent interviewer qui \u00ab\u00a0explore et ma\u00eetrise les sujets tout en mettant en lumi\u00e8re ses invit\u00e9s avec intelligence et empathie\u00a0\u00bb. \u00ab\u00a0L&rsquo;exp\u00e9rience podcast Heroic People\u00a0\u00bb est intimiste et captive (85% des \u00e9pisodes sont \u00e9cout\u00e9es jusqu&rsquo;au bout). La diffusion de l&rsquo;\u00e9mission en multi-plateformes permet de toucher une large audience.<\/p>\n<p><strong>Aujourd&rsquo;hui le tarif de sponsoring par \u00e9pisode est un \u20ac montant fixe, et nous demandons un engagement sur un minimum de trois \u00e9pisodes<\/strong>. Pour pallier \u00e0 l&rsquo;augmentation des prix (li\u00e9e \u00e0 la progression de l&rsquo;audience et de la popularit\u00e9), il est possible de r\u00e9server les espaces publicitaires 3 \u00e0 6 mois \u00e0 l&rsquo;avance.<\/p>\n<p>Merci pour votre int\u00e9r\u00eat. Pour toute demande, contactez <span style=\"color: #be1622;\"><a style=\"color: #be1622;\" href=\"mailto:wendy@heroicpeople.fr\" target=\"_blank\" rel=\"noopener\">wendy@heroicpeople.fr<\/a>.\u00a0<\/span>Nous vous transmettrons un formulaire de renseignement \u00e0 compl\u00e9ter.<\/p>\n<p>&nbsp;<\/p>\n<h2>A propos du podcast Heroic People<\/h2>\n<p>&nbsp;<\/p>\n<p><span style=\"color: #be1622;\"><a style=\"color: #be1622;\" href=\"https:\/\/heroicpeople.fr\/index.php\/podcast-3\/\" target=\"_blank\" rel=\"noopener\">Le podcast Heroic People<\/a><\/span>, anim\u00e9 par <span style=\"color: #be1622;\"><a style=\"color: #be1622;\" href=\"https:\/\/heroicpeople.fr\/index.php\/marc\/\">Marc Baillet<\/a><\/span>, explore et partage les histoires, conseils concrets, et principes de vie d\u2019\u00eatres humains inspirants (entrepreneurs, artistes, sportifs, leaders spirituels, th\u00e9rapeutes) pour vous permettre de d\u00e9couvrir quelles sont les cl\u00e9s du d\u00e9veloppement du potentiel et de la force d\u2019\u00e2me\u00a0! Nous apprenons les uns des autres et trouvons en soi le h\u00e9ros de notre propre vie. Pour \u00e9couter<span style=\"color: #be1622;\"> <a style=\"color: #be1622;\" href=\"https:\/\/heroicpeople.fr\/index.php\/podcast-3\/\" target=\"_blank\" rel=\"noopener\">les \u00e9pisodes pass\u00e9s, c\u2019est ici<\/a>.<\/span><\/p>\n<p>[\/et_pb_text][\/et_pb_column][et_pb_column type=\u00a0\u00bb1_4&Prime; _builder_version=\u00a0\u00bb4.9.2&Prime; _module_preset=\u00a0\u00bbdefault\u00a0\u00bb][et_pb_sidebar _builder_version=\u00a0\u00bb4.9.0&Prime; _module_preset=\u00a0\u00bbdefault\u00a0\u00bb][\/et_pb_sidebar][\/et_pb_column][\/et_pb_row][\/et_pb_section]<\/p>\n","protected":false},"excerpt":{"rendered":"<p>SPONSORING &amp; PUBLICIT\u00c9Sponsoriser le podcast &#8211; Contact &nbsp; L&rsquo;\u00e9mission Heroic People, anim\u00e9e par Marc Baillet, est un podcast d&rsquo;interviews \u00e0 format long (&gt; 30 mn) disponible sur toutes les grandes plateformes d&rsquo;\u00e9coute de podcasts (Apple Podcast, Spotify, Google Podcast, Deezer, Radioline, et bien d&rsquo;autres). L&rsquo;audience, 60% de femmes et 40% d&rsquo;hommes, est \u00e9duqu\u00e9e, urbaine, en [&hellip;]<\/p>\n","protected":false},"author":1,"featured_media":12744,"parent":0,"menu_order":0,"comment_status":"closed","ping_status":"closed","template":"","meta":{"_et_pb_use_builder":"on","_et_pb_old_content":"<!-- wp:divi\/placeholder \/-->","_et_gb_content_width":"","footnotes":""},"class_list":["post-12855","page","type-page","status-publish","has-post-thumbnail","hentry"],"_links":{"self":[{"href":"https:\/\/heroicpeople.fr\/index.php\/wp-json\/wp\/v2\/pages\/12855","targetHints":{"allow":["GET"]}}],"collection":[{"href":"https:\/\/heroicpeople.fr\/index.php\/wp-json\/wp\/v2\/pages"}],"about":[{"href":"https:\/\/heroicpeople.fr\/index.php\/wp-json\/wp\/v2\/types\/page"}],"author":[{"embeddable":true,"href":"https:\/\/heroicpeople.fr\/index.php\/wp-json\/wp\/v2\/users\/1"}],"replies":[{"embeddable":true,"href":"https:\/\/heroicpeople.fr\/index.php\/wp-json\/wp\/v2\/comments?post=12855"}],"version-history":[{"count":2,"href":"https:\/\/heroicpeople.fr\/index.php\/wp-json\/wp\/v2\/pages\/12855\/revisions"}],"predecessor-version":[{"id":241609,"href":"https:\/\/heroicpeople.fr\/index.php\/wp-json\/wp\/v2\/pages\/12855\/revisions\/241609"}],"wp:featuredmedia":[{"embeddable":true,"href":"https:\/\/heroicpeople.fr\/index.php\/wp-json\/wp\/v2\/media\/12744"}],"wp:attachment":[{"href":"https:\/\/heroicpeople.fr\/index.php\/wp-json\/wp\/v2\/media?parent=12855"}],"curies":[{"name":"wp","href":"https:\/\/api.w.org\/{rel}","templated":true}]}}