{"id":10601,"date":"2018-10-09T11:32:52","date_gmt":"2018-10-09T09:32:52","guid":{"rendered":"https:\/\/heroicpeople.fr?page_id=10601"},"modified":"2019-12-31T20:05:16","modified_gmt":"2019-12-31T19:05:16","slug":"terms-conditions","status":"publish","type":"page","link":"https:\/\/heroicpeople.fr\/index.php\/terms-conditions\/","title":{"rendered":"Terms &#038; Conditions"},"content":{"rendered":"<p>[vc_row][vc_column][nz_gap][\/vc_column][vc_column][vc_column_text]MB &amp; Co \u00a0\u2013\u00a065 rue de La Croix, 92000 Nanterre \u2013 Capital social 100 \u20ac<\/p>\n<p>SARL immatricul\u00e9e sous le N\u00b0 RCS 849 679 170<\/p>\n<p>N\u00b0 de d\u00e9claration d&rsquo;activit\u00e9 \/ prestations de formation N\u00b0 11922298892<\/p>\n<p>Responsable de la publication : Marc Baillet<\/p>\n<p>H\u00e9bergement du site : OVH<br \/>\nSAS au capital de 10 059 500 \u20ac, immatricul\u00e9e au RCS de Lille sous le num\u00e9ro 424 761 419 dont le si\u00e8ge social est situ\u00e9 2 rue Kellermann, 59100 Roubaix &#8211; France.<br \/>\nT\u00e9l. : +33 (0)3 20 45 36 80<\/p>\n<p>Conception &amp; Direction artistique : Franck Mandon<\/p>\n<p>En vous inscrivant \u00e0 la Newsletter ou en nous contactant via le formulaire de contact du site\u00a0<a href=\"https:\/\/heroicpeople.fr\">www.heroicpeople.fr<\/a>, vous nous transmettez votre adresse de courrier \u00e9lectronique. Celle-ci est trait\u00e9e conform\u00e9ment \u00e0 la loi n\u00b078-17 du 6 janvier 1978 relative \u00e0 l\u2019informatique, aux fichiers et aux libert\u00e9s modifi\u00e9e, au R\u00e8glement (UE) 2016\/679 du Parlement europ\u00e9en et du Conseil du 27 avril 2016 relatif \u00e0 la protection des personnes physiques \u00e0 l\u2019\u00e9gard du traitement des donn\u00e9es \u00e0 caract\u00e8re personnel et \u00e0 la libre circulation de ces donn\u00e9es, abrogeant la directive 95\/46\/CE (ci-apr\u00e8s \u00ab RGPD \u00bb) ainsi que toute r\u00e8glementation en vigueur concernant la protection des Donn\u00e9es Personnelles.<\/p>\n<p>Heroic People est une marque d\u00e9pos\u00e9e. Elle est exploit\u00e9e par MB &amp; Co.<\/p>\n<p>Le site internet\u00a0<a href=\"https:\/\/heroicpeople.fr\">www.heroicpeople.fr<\/a>\u00a0est la propri\u00e9t\u00e9 de la soci\u00e9t\u00e9 MB &amp; Co.<\/p>\n<p>Toute reproduction, repr\u00e9sentation, modification, publication, adaptation de tout ou partie des \u00e9l\u00e9ments du site, quel que soit le moyen ou le proc\u00e9d\u00e9 utilis\u00e9, est interdite.<\/p>\n<p><a href=\"mailto:wendy@heroicpeople.fr\">wendy@heroicpeople.fr<\/a>[\/vc_column_text][\/vc_column][\/vc_row]<\/p>\n","protected":false},"excerpt":{"rendered":"<p>[vc_row][vc_column][nz_gap][\/vc_column][vc_column][vc_column_text]MB &amp; Co \u00a0\u2013\u00a065 rue de La Croix, 92000 Nanterre \u2013 Capital social 100 \u20ac SARL immatricul\u00e9e sous le N\u00b0 RCS 849 679 170 N\u00b0 de d\u00e9claration d&rsquo;activit\u00e9 \/ prestations de formation N\u00b0 11922298892 Responsable de la publication : Marc Baillet H\u00e9bergement du site : OVH SAS au capital de 10 059 500 \u20ac, immatricul\u00e9e [&hellip;]<\/p>\n","protected":false},"author":2,"featured_media":0,"parent":0,"menu_order":0,"comment_status":"closed","ping_status":"closed","template":"","meta":{"_et_pb_use_builder":"","_et_pb_old_content":"","_et_gb_content_width":"","footnotes":""},"class_list":["post-10601","page","type-page","status-publish","hentry"],"_links":{"self":[{"href":"https:\/\/heroicpeople.fr\/index.php\/wp-json\/wp\/v2\/pages\/10601","targetHints":{"allow":["GET"]}}],"collection":[{"href":"https:\/\/heroicpeople.fr\/index.php\/wp-json\/wp\/v2\/pages"}],"about":[{"href":"https:\/\/heroicpeople.fr\/index.php\/wp-json\/wp\/v2\/types\/page"}],"author":[{"embeddable":true,"href":"https:\/\/heroicpeople.fr\/index.php\/wp-json\/wp\/v2\/users\/2"}],"replies":[{"embeddable":true,"href":"https:\/\/heroicpeople.fr\/index.php\/wp-json\/wp\/v2\/comments?post=10601"}],"version-history":[{"count":0,"href":"https:\/\/heroicpeople.fr\/index.php\/wp-json\/wp\/v2\/pages\/10601\/revisions"}],"wp:attachment":[{"href":"https:\/\/heroicpeople.fr\/index.php\/wp-json\/wp\/v2\/media?parent=10601"}],"curies":[{"name":"wp","href":"https:\/\/api.w.org\/{rel}","templated":true}]}}